{"id":3,"date":"2021-02-23T11:14:45","date_gmt":"2021-02-23T11:14:45","guid":{"rendered":"https:\/\/carnicasdafri.es\/?page_id=3"},"modified":"2024-10-11T10:42:37","modified_gmt":"2024-10-11T10:42:37","slug":"politica-de-privacidad","status":"publish","type":"page","link":"https:\/\/carnicasdafri.es\/index.php\/politica-de-privacidad\/","title":{"rendered":"Pol\u00edtica de privacidad"},"content":{"rendered":"\t\t<div data-elementor-type=\"wp-page\" data-elementor-id=\"3\" class=\"elementor elementor-3\" data-elementor-post-type=\"page\">\n\t\t\t\t<div class=\"elementor-element elementor-element-b98ceed e-flex e-con-boxed e-con e-parent\" data-id=\"b98ceed\" data-element_type=\"container\" data-e-type=\"container\">\n\t\t\t\t\t<div class=\"e-con-inner\">\n\t\t\t\t<div class=\"elementor-element elementor-element-1eb50cd elementor-widget elementor-widget-heading\" data-id=\"1eb50cd\" data-element_type=\"widget\" data-e-type=\"widget\" data-widget_type=\"heading.default\">\n\t\t\t\t<div class=\"elementor-widget-container\">\n\t\t\t\t\t<h2 class=\"elementor-heading-title elementor-size-default\">Pol\u00edtica de privacidad<\/h2>\t\t\t\t<\/div>\n\t\t\t\t<\/div>\n\t\t\t\t<div class=\"elementor-element elementor-element-cff96ad elementor-widget__width-initial elementor-widget elementor-widget-text-editor\" data-id=\"cff96ad\" data-element_type=\"widget\" data-e-type=\"widget\" data-widget_type=\"text-editor.default\">\n\t\t\t\t<div class=\"elementor-widget-container\">\n\t\t\t\t\t\t\t\t\t<p>Politica de privacidad<\/p>\t\t\t\t\t\t\t\t<\/div>\n\t\t\t\t<\/div>\n\t\t\t\t\t<\/div>\n\t\t\t\t<\/div>\n\t\t\t\t<\/div>\n\t\t","protected":false},"excerpt":{"rendered":"<p>Pol\u00edtica de privacidad Politica de privacidad<\/p>\n","protected":false},"author":1,"featured_media":0,"parent":0,"menu_order":0,"comment_status":"closed","ping_status":"closed","template":"","meta":{"footnotes":""},"class_list":["post-3","page","type-page","status-publish","hentry"],"yoast_head":"<!-- This site is optimized with the Yoast SEO plugin v27.4 - https:\/\/yoast.com\/product\/yoast-seo-wordpress\/ -->\n<title>Pol\u00edtica de privacidad - C\u00e1rnicas DAFRI<\/title>\n<meta name=\"robots\" content=\"index, follow, max-snippet:-1, max-image-preview:large, max-video-preview:-1\" \/>\n<link rel=\"canonical\" href=\"https:\/\/carnicasdafri.es\/index.php\/politica-de-privacidad\/\" \/>\n<meta property=\"og:locale\" content=\"es_ES\" \/>\n<meta property=\"og:type\" content=\"article\" \/>\n<meta property=\"og:title\" content=\"Pol\u00edtica de privacidad - C\u00e1rnicas DAFRI\" \/>\n<meta property=\"og:description\" content=\"Pol\u00edtica de privacidad Politica de privacidad\" \/>\n<meta property=\"og:url\" content=\"https:\/\/carnicasdafri.es\/index.php\/politica-de-privacidad\/\" \/>\n<meta property=\"og:site_name\" content=\"C\u00e1rnicas DAFRI\" \/>\n<meta property=\"article:modified_time\" content=\"2024-10-11T10:42:37+00:00\" \/>\n<meta name=\"twitter:card\" content=\"summary_large_image\" \/>\n<meta name=\"twitter:label1\" content=\"Tiempo de lectura\" \/>\n\t<meta name=\"twitter:data1\" content=\"1 minuto\" \/>\n<script type=\"application\/ld+json\" class=\"yoast-schema-graph\">{\"@context\":\"https:\\\/\\\/schema.org\",\"@graph\":[{\"@type\":\"WebPage\",\"@id\":\"https:\\\/\\\/carnicasdafri.es\\\/index.php\\\/politica-de-privacidad\\\/\",\"url\":\"https:\\\/\\\/carnicasdafri.es\\\/index.php\\\/politica-de-privacidad\\\/\",\"name\":\"Pol\u00edtica de privacidad - C\u00e1rnicas DAFRI\",\"isPartOf\":{\"@id\":\"https:\\\/\\\/carnicasdafri.es\\\/#website\"},\"datePublished\":\"2021-02-23T11:14:45+00:00\",\"dateModified\":\"2024-10-11T10:42:37+00:00\",\"breadcrumb\":{\"@id\":\"https:\\\/\\\/carnicasdafri.es\\\/index.php\\\/politica-de-privacidad\\\/#breadcrumb\"},\"inLanguage\":\"es\",\"potentialAction\":[{\"@type\":\"ReadAction\",\"target\":[\"https:\\\/\\\/carnicasdafri.es\\\/index.php\\\/politica-de-privacidad\\\/\"]}]},{\"@type\":\"BreadcrumbList\",\"@id\":\"https:\\\/\\\/carnicasdafri.es\\\/index.php\\\/politica-de-privacidad\\\/#breadcrumb\",\"itemListElement\":[{\"@type\":\"ListItem\",\"position\":1,\"name\":\"Portada\",\"item\":\"https:\\\/\\\/carnicasdafri.es\\\/\"},{\"@type\":\"ListItem\",\"position\":2,\"name\":\"Pol\u00edtica de privacidad\"}]},{\"@type\":\"WebSite\",\"@id\":\"https:\\\/\\\/carnicasdafri.es\\\/#website\",\"url\":\"https:\\\/\\\/carnicasdafri.es\\\/\",\"name\":\"C\u00e1rnicas DAFRI\",\"description\":\"Carne 100% seleccionada\",\"publisher\":{\"@id\":\"https:\\\/\\\/carnicasdafri.es\\\/#organization\"},\"potentialAction\":[{\"@type\":\"SearchAction\",\"target\":{\"@type\":\"EntryPoint\",\"urlTemplate\":\"https:\\\/\\\/carnicasdafri.es\\\/?s={search_term_string}\"},\"query-input\":{\"@type\":\"PropertyValueSpecification\",\"valueRequired\":true,\"valueName\":\"search_term_string\"}}],\"inLanguage\":\"es\"},{\"@type\":\"Organization\",\"@id\":\"https:\\\/\\\/carnicasdafri.es\\\/#organization\",\"name\":\"C\u00e1rnicas DAFRI\",\"url\":\"https:\\\/\\\/carnicasdafri.es\\\/\",\"logo\":{\"@type\":\"ImageObject\",\"inLanguage\":\"es\",\"@id\":\"https:\\\/\\\/carnicasdafri.es\\\/#\\\/schema\\\/logo\\\/image\\\/\",\"url\":\"https:\\\/\\\/carnicasdafri.es\\\/wp-content\\\/uploads\\\/2024\\\/10\\\/logo-carnicas-dafri.png\",\"contentUrl\":\"https:\\\/\\\/carnicasdafri.es\\\/wp-content\\\/uploads\\\/2024\\\/10\\\/logo-carnicas-dafri.png\",\"width\":450,\"height\":180,\"caption\":\"C\u00e1rnicas DAFRI\"},\"image\":{\"@id\":\"https:\\\/\\\/carnicasdafri.es\\\/#\\\/schema\\\/logo\\\/image\\\/\"}}]}<\/script>\n<!-- \/ Yoast SEO plugin. -->","yoast_head_json":{"title":"Pol\u00edtica de privacidad - C\u00e1rnicas DAFRI","robots":{"index":"index","follow":"follow","max-snippet":"max-snippet:-1","max-image-preview":"max-image-preview:large","max-video-preview":"max-video-preview:-1"},"canonical":"https:\/\/carnicasdafri.es\/index.php\/politica-de-privacidad\/","og_locale":"es_ES","og_type":"article","og_title":"Pol\u00edtica de privacidad - C\u00e1rnicas DAFRI","og_description":"Pol\u00edtica de privacidad Politica de privacidad","og_url":"https:\/\/carnicasdafri.es\/index.php\/politica-de-privacidad\/","og_site_name":"C\u00e1rnicas DAFRI","article_modified_time":"2024-10-11T10:42:37+00:00","twitter_card":"summary_large_image","twitter_misc":{"Tiempo de lectura":"1 minuto"},"schema":{"@context":"https:\/\/schema.org","@graph":[{"@type":"WebPage","@id":"https:\/\/carnicasdafri.es\/index.php\/politica-de-privacidad\/","url":"https:\/\/carnicasdafri.es\/index.php\/politica-de-privacidad\/","name":"Pol\u00edtica de privacidad - C\u00e1rnicas DAFRI","isPartOf":{"@id":"https:\/\/carnicasdafri.es\/#website"},"datePublished":"2021-02-23T11:14:45+00:00","dateModified":"2024-10-11T10:42:37+00:00","breadcrumb":{"@id":"https:\/\/carnicasdafri.es\/index.php\/politica-de-privacidad\/#breadcrumb"},"inLanguage":"es","potentialAction":[{"@type":"ReadAction","target":["https:\/\/carnicasdafri.es\/index.php\/politica-de-privacidad\/"]}]},{"@type":"BreadcrumbList","@id":"https:\/\/carnicasdafri.es\/index.php\/politica-de-privacidad\/#breadcrumb","itemListElement":[{"@type":"ListItem","position":1,"name":"Portada","item":"https:\/\/carnicasdafri.es\/"},{"@type":"ListItem","position":2,"name":"Pol\u00edtica de privacidad"}]},{"@type":"WebSite","@id":"https:\/\/carnicasdafri.es\/#website","url":"https:\/\/carnicasdafri.es\/","name":"C\u00e1rnicas DAFRI","description":"Carne 100% seleccionada","publisher":{"@id":"https:\/\/carnicasdafri.es\/#organization"},"potentialAction":[{"@type":"SearchAction","target":{"@type":"EntryPoint","urlTemplate":"https:\/\/carnicasdafri.es\/?s={search_term_string}"},"query-input":{"@type":"PropertyValueSpecification","valueRequired":true,"valueName":"search_term_string"}}],"inLanguage":"es"},{"@type":"Organization","@id":"https:\/\/carnicasdafri.es\/#organization","name":"C\u00e1rnicas DAFRI","url":"https:\/\/carnicasdafri.es\/","logo":{"@type":"ImageObject","inLanguage":"es","@id":"https:\/\/carnicasdafri.es\/#\/schema\/logo\/image\/","url":"https:\/\/carnicasdafri.es\/wp-content\/uploads\/2024\/10\/logo-carnicas-dafri.png","contentUrl":"https:\/\/carnicasdafri.es\/wp-content\/uploads\/2024\/10\/logo-carnicas-dafri.png","width":450,"height":180,"caption":"C\u00e1rnicas DAFRI"},"image":{"@id":"https:\/\/carnicasdafri.es\/#\/schema\/logo\/image\/"}}]}},"_links":{"self":[{"href":"https:\/\/carnicasdafri.es\/index.php\/wp-json\/wp\/v2\/pages\/3","targetHints":{"allow":["GET"]}}],"collection":[{"href":"https:\/\/carnicasdafri.es\/index.php\/wp-json\/wp\/v2\/pages"}],"about":[{"href":"https:\/\/carnicasdafri.es\/index.php\/wp-json\/wp\/v2\/types\/page"}],"author":[{"embeddable":true,"href":"https:\/\/carnicasdafri.es\/index.php\/wp-json\/wp\/v2\/users\/1"}],"replies":[{"embeddable":true,"href":"https:\/\/carnicasdafri.es\/index.php\/wp-json\/wp\/v2\/comments?post=3"}],"version-history":[{"count":4,"href":"https:\/\/carnicasdafri.es\/index.php\/wp-json\/wp\/v2\/pages\/3\/revisions"}],"predecessor-version":[{"id":475,"href":"https:\/\/carnicasdafri.es\/index.php\/wp-json\/wp\/v2\/pages\/3\/revisions\/475"}],"wp:attachment":[{"href":"https:\/\/carnicasdafri.es\/index.php\/wp-json\/wp\/v2\/media?parent=3"}],"curies":[{"name":"wp","href":"https:\/\/api.w.org\/{rel}","templated":true}]}}